{"id":325,"date":"2024-01-08T11:00:54","date_gmt":"2024-01-08T11:00:54","guid":{"rendered":"https:\/\/nathaliefercoq.com\/?page_id=325"},"modified":"2026-04-30T15:54:02","modified_gmt":"2026-04-30T15:54:02","slug":"contactez-moi","status":"publish","type":"page","link":"https:\/\/nathaliefercoq.com\/?page_id=325","title":{"rendered":"Contact"},"content":{"rendered":"\n<div class=\"wp-block-group alignfull has-background has-global-padding is-layout-constrained wp-block-group-is-layout-constrained\" style=\"background-color:#fffaec\">\n<div class=\"wp-block-columns alignwide is-layout-flex wp-container-core-columns-is-layout-32eaa8c8 wp-block-columns-is-layout-flex\">\n<div class=\"wp-block-column is-layout-flow wp-block-column-is-layout-flow\">\n<h1 class=\"wp-block-heading\" style=\"font-size:clamp(1.25rem, 1.25rem + ((1vw - 0.2rem) * 1.442), 2rem);\">Contact<\/h1>\n\n\n\n<p style=\"font-size:1rem\">Passionn\u00e9e par le design graphique et le dessin, j\u2019ai eu l\u2019opportunit\u00e9 de travailler en tant que graphiste pour diff\u00e9rentes marques dans le milieu du surfwear, o\u00f9 j\u2019ai pu allier mes comp\u00e9tences cr\u00e9atives \u00e0 une approche strat\u00e9gique du marketing de marque. Mon exp\u00e9rience dans ce secteur m\u2019a permis de d\u00e9velopper une expertise sp\u00e9cifique \u00e0 la cr\u00e9ation d\u2019identit\u00e9s visuelles qui captent l&#8217;attention, tout en restant en phase avec les valeurs et l&#8217;image de la marque. Au cours de ces derni\u00e8res ann\u00e9es, j&#8217;ai collabor\u00e9 avec diff\u00e9rentes marques nationales et internationales. Mon r\u00f4le consiste \u00e0 traduire les valeurs de chaque marque en visuels impactants, en accord avec les \u00e9quipes de d\u00e9veloppement, les derni\u00e8res tendances du march\u00e9 et les attentes des consommateurs.<\/p>\n\n\n\n<p style=\"font-size:1rem\">Mon approche est toujours centr\u00e9e sur une&nbsp;<strong>vision coh\u00e9rente<\/strong>&nbsp;du message \u00e0 transmettre en m&#8217;inspirant des&nbsp;<strong>tendances<\/strong>, qu\u2019il s\u2019agisse d\u2019une campagne publicitaire, de collections saisonni\u00e8res, ou de supports de communication en ligne et hors ligne. Je suis capable de fusionner&nbsp;<strong>cr\u00e9ativit\u00e9<\/strong>&nbsp;et&nbsp;<strong>strat\u00e9gie marketing<\/strong>, je serais ravie de discuter avec vous de la mani\u00e8re dont je pourrais contribuer \u00e0 renforcer l&#8217;identit\u00e9 de votre marque.<\/p>\n\n\n\n<p style=\"font-size:1rem\"><br><strong>Email :<\/strong> hello@nathaliefercoq.com<br><strong>T\u00e9l :<\/strong>&nbsp;+33 (0)662 546 343<br><a href=\"https:\/\/www.instagram.com\/lalignefilaire\/\" target=\"_blank\" style=\"display: flex; align-items: center; text-decoration: none;\">\n    <img decoding=\"async\" src=\"https:\/\/nathaliefercoq.com\/wp-content\/uploads\/2024\/11\/pngwing.com_.png\" alt=\"La ligne filaire\" style=\"width: 20px; height: 20px; margin-right: 4px;\"><strong>:<\/strong><span style=\"margin-left:4px;\">@lalignefilaire<\/span>\n<\/a>\n<\/p>\n<\/div>\n\n\n\n<div style=\"--col-width:;\" class=\"wp-block-column is-layout-flow wp-block-column-is-layout-flow\">\n<figure class=\"wp-block-image size-large\"><img loading=\"lazy\" decoding=\"async\" width=\"577\" height=\"1024\" src=\"https:\/\/nathaliefercoq.com\/wp-content\/uploads\/2024\/11\/IMG_9069-577x1024.jpg\" alt=\"\" class=\"wp-image-478\" style=\"aspect-ratio:1;object-fit:contain\" srcset=\"https:\/\/nathaliefercoq.com\/wp-content\/uploads\/2024\/11\/IMG_9069-577x1024.jpg 577w, https:\/\/nathaliefercoq.com\/wp-content\/uploads\/2024\/11\/IMG_9069-169x300.jpg 169w, https:\/\/nathaliefercoq.com\/wp-content\/uploads\/2024\/11\/IMG_9069.jpg 720w\" sizes=\"auto, (max-width: 577px) 100vw, 577px\" \/><\/figure>\n<\/div>\n<\/div>\n\n\n\n<div style=\"height:100px\" aria-hidden=\"true\" class=\"wp-block-spacer\"><\/div>\n\n\n\n<div class=\"wp-block-group alignfull has-global-padding is-layout-constrained wp-block-group-is-layout-constrained\">\n<div class=\"wp-block-columns alignwide tw-cols-stack-md-2 is-layout-flex wp-container-core-columns-is-layout-c52fce0c wp-block-columns-is-layout-flex\">\n<div class=\"wp-block-column is-layout-flow wp-block-column-is-layout-flow\">\n<h3 class=\"wp-block-heading\" style=\"font-size:1rem\">EXP\u00c9RIENCES<\/h3>\n\n\n\n<p style=\"font-size:1rem\">2020 &#8211; 2026<br><strong>Directrice Artistique<\/strong><br><strong>Designer graphique senior<\/strong><\/p>\n\n\n\n<hr class=\"wp-block-separator has-alpha-channel-opacity is-style-tw-dashed\"\/>\n\n\n\n<p style=\"font-size:1rem\">2011 &#8211; 2020<br><strong><a href=\"https:\/\/www.elementbrand.com\/\" target=\"_blank\" rel=\"noreferrer noopener\">Element Skateboards<\/a><br>Designer graphique senior<br><\/strong>D\u00e9partement Marketing<br><em>Soorts-Hossegor<\/em><\/p>\n\n\n\n<hr class=\"wp-block-separator has-alpha-channel-opacity is-style-tw-dashed\"\/>\n\n\n\n<p style=\"font-size:1rem\">2010 &#8211; 2011<br><strong><a href=\"https:\/\/www.billabong.com\/?srsltid=AfmBOoq4TC6iQLm542NBlGglJO6jR6Csf0Q2AXlMcu9qU8hPGbemxbTB\" target=\"_blank\" rel=\"noreferrer noopener\">Billabong Europe<\/a><br>Designer graphique junior<br><\/strong>D\u00e9partement Marketing<br><em>Soorts-Hossegor<\/em><\/p>\n\n\n\n<div style=\"height:15px\" aria-hidden=\"true\" class=\"wp-block-spacer\"><\/div>\n\n\n\n<h3 class=\"wp-block-heading\" style=\"font-size:1rem\">\u00c9TUDES<\/h3>\n\n\n\n<p style=\"font-size:1rem\">2010<br><strong>Dipl\u00f4m\u00e9e Concepteur Graphique<br>en Communication Visuelle<\/strong><br><a href=\"https:\/\/epsaa.fr\/\" target=\"_blank\" rel=\"noreferrer noopener\">EPSAA<\/a><em><br>Ivry-sur-Seine<\/em><\/p>\n\n\n\n<hr class=\"wp-block-separator has-alpha-channel-opacity is-style-tw-dashed\"\/>\n\n\n\n<p style=\"font-size:1rem\">2006 &#8211; 2010<br><strong>Formation Arts Graphiques<\/strong><br><a href=\"https:\/\/epsaa.fr\/\" target=\"_blank\" rel=\"noreferrer noopener\">EPSAA<\/a><em><br>Ivry-sur-Seine<\/em><\/p>\n\n\n\n<hr class=\"wp-block-separator has-alpha-channel-opacity is-style-tw-dashed\"\/>\n\n\n\n<p style=\"font-size:1rem\">2005 &#8211; 2006<br><strong>MANAA<\/strong><br><a href=\"https:\/\/isg6.paris\/Lycee-technologique-arts-appliques\" target=\"_blank\" rel=\"noreferrer noopener\">Institut Sainte Genevi\u00e8ve<\/a><br><em>Paris 6\u00e8me<\/em><\/p>\n\n\n\n<hr class=\"wp-block-separator has-alpha-channel-opacity is-style-tw-dashed\"\/>\n\n\n\n<p style=\"font-size:1rem\">2005<br><strong>Obtention du Baccalaur\u00e9at STL<\/strong><br><a href=\"https:\/\/encpb.org\/\" target=\"_blank\" rel=\"noreferrer noopener\">ENCPB \/ Lyc\u00e9e Pierre-Gilles de Gennes<\/a><br><em>Paris 13\u00e8me<\/em><\/p>\n<\/div>\n\n\n\n<div class=\"wp-block-column is-layout-flow wp-block-column-is-layout-flow\">\n<h3 class=\"wp-block-heading\" style=\"font-size:1rem\">CLIENTS<\/h3>\n\n\n\n<ul style=\"font-size:1rem\" class=\"wp-block-list\">\n<li>EGGERT + FRIENDS<br>&#8211; BREITLING<br>&#8211; BUCHERER<br>&#8211; LINDT<br>&#8211; BUCCELLATI<br>&#8211; UG<\/li>\n\n\n\n<li>ELEMENT BRAND<\/li>\n\n\n\n<li>BILLABONG<\/li>\n\n\n\n<li>KINSHIP<\/li>\n\n\n\n<li>LA BOUTEILLE 40<\/li>\n\n\n\n<li>MAISON DARBEAU<\/li>\n\n\n\n<li>DOMAINE FORTUNET<\/li>\n\n\n\n<li>AFTER ESSENTIALS<\/li>\n<\/ul>\n\n\n\n<div style=\"height:15px\" aria-hidden=\"true\" class=\"wp-block-spacer\"><\/div>\n\n\n\n<h3 class=\"wp-block-heading\" style=\"font-size:1rem\">DOMAINE DE COMP\u00c9TENCES<\/h3>\n\n\n\n<ul style=\"font-size:1rem\" class=\"wp-block-list\">\n<li>DIRECTION ARTISTIQUE<\/li>\n\n\n\n<li>IDENTIT\u00c9 VISUELLE<\/li>\n\n\n\n<li>DESIGN LOGO<\/li>\n\n\n\n<li>\u00c9DITION<\/li>\n\n\n\n<li>ILLUSTRATION<\/li>\n\n\n\n<li>WEB DESIGN<\/li>\n<\/ul>\n<\/div>\n\n\n\n<div class=\"wp-block-column is-layout-flow wp-block-column-is-layout-flow\">\n<h3 class=\"wp-block-heading\" style=\"font-size:1rem\">EXPOSITIONS<\/h3>\n\n\n\n<p style=\"font-size:1rem\"><strong>\u00abVu(e)\u00bb<\/strong><br><strong>Exposition collective<\/strong><br>Etxe Nami&nbsp;<em>&#8211; Saint-Jean-de-Luz<\/em><\/p>\n\n\n\n<p style=\"font-size:1rem\"><strong>\u00abEn Vie(s)\u00bb<\/strong><br>Boardriders &#8211;&nbsp;<em>Saint-Jean-de-Luz<\/em><\/p>\n\n\n\n<p style=\"font-size:1rem\"><strong>\u00abTemps de pose\u00bb<\/strong><br>Unik by nature&nbsp;<em>&#8211; Saubion<\/em><\/p>\n\n\n\n<p style=\"font-size:1rem\"><strong>Exposition collective<\/strong><br>Vauban Tattoo&nbsp;<em>&#8211; Bayonne<\/em><\/p>\n<\/div>\n<\/div>\n<\/div>\n<\/div>\n","protected":false},"excerpt":{"rendered":"<p>Contact Passionn\u00e9e par le design graphique et le dessin, j\u2019ai eu l\u2019opportunit\u00e9 de travailler en tant que graphiste pour diff\u00e9rentes marques dans le milieu du surfwear, o\u00f9 j\u2019ai pu allier mes comp\u00e9tences cr\u00e9atives \u00e0 une approche strat\u00e9gique du marketing de marque. Mon exp\u00e9rience dans ce secteur m\u2019a permis de d\u00e9velopper une expertise sp\u00e9cifique \u00e0 la [&hellip;]<\/p>\n","protected":false},"author":1,"featured_media":0,"parent":0,"menu_order":0,"comment_status":"closed","ping_status":"closed","template":"page-no-title","meta":{"om_disable_all_campaigns":false,"_monsterinsights_skip_tracking":false,"_monsterinsights_sitenote_active":false,"_monsterinsights_sitenote_note":"","_monsterinsights_sitenote_category":0,"footnotes":""},"class_list":["post-325","page","type-page","status-publish","hentry"],"aioseo_notices":[],"_links":{"self":[{"href":"https:\/\/nathaliefercoq.com\/index.php?rest_route=\/wp\/v2\/pages\/325","targetHints":{"allow":["GET"]}}],"collection":[{"href":"https:\/\/nathaliefercoq.com\/index.php?rest_route=\/wp\/v2\/pages"}],"about":[{"href":"https:\/\/nathaliefercoq.com\/index.php?rest_route=\/wp\/v2\/types\/page"}],"author":[{"embeddable":true,"href":"https:\/\/nathaliefercoq.com\/index.php?rest_route=\/wp\/v2\/users\/1"}],"replies":[{"embeddable":true,"href":"https:\/\/nathaliefercoq.com\/index.php?rest_route=%2Fwp%2Fv2%2Fcomments&post=325"}],"version-history":[{"count":34,"href":"https:\/\/nathaliefercoq.com\/index.php?rest_route=\/wp\/v2\/pages\/325\/revisions"}],"predecessor-version":[{"id":776,"href":"https:\/\/nathaliefercoq.com\/index.php?rest_route=\/wp\/v2\/pages\/325\/revisions\/776"}],"wp:attachment":[{"href":"https:\/\/nathaliefercoq.com\/index.php?rest_route=%2Fwp%2Fv2%2Fmedia&parent=325"}],"curies":[{"name":"wp","href":"https:\/\/api.w.org\/{rel}","templated":true}]}}